{"id":8,"date":"2017-01-26T10:34:24","date_gmt":"2017-01-26T10:34:24","guid":{"rendered":"https:\/\/floridum.garden\/?page_id=8"},"modified":"2017-06-03T10:18:01","modified_gmt":"2017-06-03T10:18:01","slug":"que-fem","status":"publish","type":"page","link":"https:\/\/floridum.garden\/fr\/que-fem\/","title":{"rendered":"Que faisons-nous?"},"content":{"rendered":"<p><\/p>\n<table style=\"width: 100%;\">\n<tbody>\n<tr>\n<td style=\"width: 50%;\">\n<h1>Un jardin avec une exp\u00e9rience de plus de 40 ans<\/h1>\n<p>Situ\u00e9 \u00e0 Palafrugell, Baix Empord\u00e0, on trouve le Garden Center Floridum, o\u00f9 l&rsquo;on peut trouver toutes sortes de fleurs, plantes, arbres fruitiers et l\u00e9gumes.<\/p>\n<p>Parlez floridum parle de plus de 40 ans d&rsquo;exp\u00e9rience dans le jardinage. Venez nous rendre visite et profitez de notre gamme!<\/p>\n<\/td>\n<td>\n<div><video autoplay=\"autoplay\" loop=\"loop\" muted=\"\" width=\"500\" height=\"281\"><source src=\"https:\/\/floridum.garden\/wp-content\/uploads\/2017\/01\/FloridumVideo1.ipad_.mp4\" type=\"video\/mp4\" \/><\/video><\/p>\n<figure class=\"fulla-video\"><\/figure>\n<\/div>\n<\/td>\n<\/tr>\n<\/tbody>\n<\/table>\n<p><\/p>","protected":false},"excerpt":{"rendered":"<p>Un jardin avec une exp\u00e9rience de plus de 40 ans Situ\u00e9 \u00e0 Palafrugell, Baix Empord\u00e0, on trouve le Garden Center Floridum, o\u00f9 l&rsquo;on peut trouver toutes sortes de fleurs, plantes, arbres fruitiers et l\u00e9gumes. Parlez floridum parle de plus de 40 ans d&rsquo;exp\u00e9rience dans le jardinage. Venez nous rendre visite et profitez de notre gamme!<\/p>\n","protected":false},"author":2,"featured_media":0,"parent":0,"menu_order":1,"comment_status":"closed","ping_status":"closed","template":"section-page.php","meta":{"_acf_changed":false,"footnotes":""},"class_list":["post-8","page","type-page","status-publish","hentry"],"acf":[],"_links":{"self":[{"href":"https:\/\/floridum.garden\/fr\/wp-json\/wp\/v2\/pages\/8","targetHints":{"allow":["GET"]}}],"collection":[{"href":"https:\/\/floridum.garden\/fr\/wp-json\/wp\/v2\/pages"}],"about":[{"href":"https:\/\/floridum.garden\/fr\/wp-json\/wp\/v2\/types\/page"}],"author":[{"embeddable":true,"href":"https:\/\/floridum.garden\/fr\/wp-json\/wp\/v2\/users\/2"}],"replies":[{"embeddable":true,"href":"https:\/\/floridum.garden\/fr\/wp-json\/wp\/v2\/comments?post=8"}],"version-history":[{"count":75,"href":"https:\/\/floridum.garden\/fr\/wp-json\/wp\/v2\/pages\/8\/revisions"}],"predecessor-version":[{"id":334,"href":"https:\/\/floridum.garden\/fr\/wp-json\/wp\/v2\/pages\/8\/revisions\/334"}],"wp:attachment":[{"href":"https:\/\/floridum.garden\/fr\/wp-json\/wp\/v2\/media?parent=8"}],"curies":[{"name":"wp","href":"https:\/\/api.w.org\/{rel}","templated":true}]}}